{"id":2264,"date":"2023-10-18T07:17:44","date_gmt":"2023-10-18T07:17:44","guid":{"rendered":"https:\/\/flovio.fi\/contact-us\/"},"modified":"2025-08-25T13:09:20","modified_gmt":"2025-08-25T13:09:20","slug":"contact-us","status":"publish","type":"page","link":"https:\/\/flovio.fi\/en\/contact-us\/","title":{"rendered":"Contact us"},"content":{"rendered":"\n  <div class=\"banner has-hover\" id=\"banner-1506345280\">\n          <div class=\"banner-inner fill\">\n        <div class=\"banner-bg fill\" >\n            <div class=\"bg fill bg-fill \"><\/div>\n                                    \n                    <\/div>\n\t\t\n        <div class=\"banner-layers container\">\n            <div class=\"fill banner-link\"><\/div>            \n   <div id=\"text-box-262796078\" class=\"text-box banner-layer x3 md-x3 lg-x3 y50 md-y50 lg-y50 res-text\">\n                                <div class=\"text-box-content text \">\n              \n              <div class=\"text-inner text-left\">\n                  \n<h1><strong>Our world-class process experts are just a message away.<\/strong><\/h1>\n<\/p>\n              <\/div>\n           <\/div>\n                            \n<style>\n#text-box-262796078 {\n  width: 85%;\n}\n#text-box-262796078 .text-box-content {\n  font-size: 100%;\n}\n@media (min-width:550px) {\n  #text-box-262796078 {\n    width: 75%;\n  }\n}\n<\/style>\n    <\/div>\n \n        <\/div>\n      <\/div>\n\n            \n<style>\n#banner-1506345280 {\n  padding-top: 300px;\n}\n#banner-1506345280 .bg.bg-loaded {\n  background-image: url(https:\/\/flovio.fi\/wp-content\/uploads\/2024\/01\/Flovio-etusivu-v3.png);\n}\n#banner-1506345280 .bg {\n  background-position: 50% 50%;\n}\n@media (min-width:550px) {\n  #banner-1506345280 {\n    padding-top: 400px;\n  }\n}\n<\/style>\n  <\/div>\n\n\n\t<section class=\"section\" id=\"section_1284912407\">\n\t\t<div class=\"bg section-bg fill bg-fill  bg-loaded\" >\n\n\t\t\t\n\t\t\t\n\t\t\t\n\n\t\t<\/div>\n\n\t\t\n\n\t\t<div class=\"section-content relative\">\n\t\t\t\n<div class=\"row\"  id=\"row-1796686770\">\n\n\t<div id=\"col-1279923542\" class=\"col medium-7 small-12 large-7\"  >\n\t\t\t\t<div class=\"col-inner\"  >\n\t\t\t\n\t\t\t\n<div class=\"row\"  id=\"row-1159020561\">\n\n\t<div id=\"col-278805798\" class=\"col medium-6 small-12 large-6\"  >\n\t\t\t\t<div class=\"col-inner\"  >\n\t\t\t\n\t\t\t\n    <div class=\"box has-hover has-hover box-shade dark box-text-bottom\" >\n\n                  <div class=\"box-image image-zoom-fade\" style=\"width:80%;\">\n           <div class=\"box-image-inner image-cover\" style=\"border-radius:100%;padding-top:100%;\">\n              <img loading=\"lazy\" decoding=\"async\" width=\"640\" height=\"640\" src=\"https:\/\/flovio.fi\/wp-content\/uploads\/2023\/11\/Katariina-edited.jpg\" class=\"attachment- size-\" alt=\"\" srcset=\"https:\/\/flovio.fi\/wp-content\/uploads\/2023\/11\/Katariina-edited.jpg 640w, https:\/\/flovio.fi\/wp-content\/uploads\/2023\/11\/Katariina-edited-300x300.jpg 300w, https:\/\/flovio.fi\/wp-content\/uploads\/2023\/11\/Katariina-edited-100x100.jpg?crop=1 100w, https:\/\/flovio.fi\/wp-content\/uploads\/2023\/11\/Katariina-edited-600x600.jpg?crop=1 600w, https:\/\/flovio.fi\/wp-content\/uploads\/2023\/11\/Katariina-edited-150x150.jpg 150w\" sizes=\"auto, (max-width: 640px) 100vw, 640px\" \/>                         <\/div>\n          <\/div>\n         \n          <div class=\"box-text text-center\" >\n                <div class=\"box-text-inner\">\n                  <h4 class=\"uppercase\">\n                    <span class=\"person-name\">Katariina Kemppainen<\/span><br\/>\n                    <span class=\"person-title is-small thin-font op-7\">\n                      CEO                    <\/span>\n                  <\/h4>\n\t\t\t\t\t<div class=\"social-icons follow-icons\" ><a href=\"mailto:katariina.kemppainen@flovio.fi\" data-label=\"E-mail\" target=\"_blank\" class=\"icon plain email tooltip\" title=\"Send us an email\" aria-label=\"Send us an email\" rel=\"nofollow noopener\" ><i class=\"icon-envelop\" ><\/i><\/a><\/div>                <\/div>\n          <\/div>\n    <\/div>\n\n\t<div class=\"team-member-content pt-half text-center\">\n<\/div>\n    \n\t\t<\/div>\n\t\t\t\t\t<\/div>\n\n\t\n\n\t<div id=\"col-302339002\" class=\"col medium-6 small-12 large-6\"  >\n\t\t\t\t<div class=\"col-inner\"  >\n\t\t\t\n\t\t\t\n    <div class=\"box has-hover has-hover box-shade dark box-text-bottom\" >\n\n                  <div class=\"box-image image-zoom-fade\" style=\"width:80%;\">\n           <div class=\"box-image-inner image-cover\" style=\"border-radius:100%;padding-top:100%;\">\n              <img loading=\"lazy\" decoding=\"async\" width=\"566\" height=\"566\" src=\"https:\/\/flovio.fi\/wp-content\/uploads\/2023\/11\/Juuso-edited-1.jpg\" class=\"attachment- size-\" alt=\"\" srcset=\"https:\/\/flovio.fi\/wp-content\/uploads\/2023\/11\/Juuso-edited-1.jpg 566w, https:\/\/flovio.fi\/wp-content\/uploads\/2023\/11\/Juuso-edited-1-300x300.jpg 300w, https:\/\/flovio.fi\/wp-content\/uploads\/2023\/11\/Juuso-edited-1-100x100.jpg?crop=1 100w, https:\/\/flovio.fi\/wp-content\/uploads\/2023\/11\/Juuso-edited-1-150x150.jpg 150w\" sizes=\"auto, (max-width: 566px) 100vw, 566px\" \/>                         <\/div>\n          <\/div>\n         \n          <div class=\"box-text text-center\" >\n                <div class=\"box-text-inner\">\n                  <h4 class=\"uppercase\">\n                    <span class=\"person-name\">Juuso Rantala<\/span><br\/>\n                    <span class=\"person-title is-small thin-font op-7\">\n                      Co-Founder                    <\/span>\n                  <\/h4>\n\t\t\t\t\t<div class=\"social-icons follow-icons\" ><a href=\"mailto:juuso.rantala@flovio.fi\" data-label=\"E-mail\" target=\"_blank\" class=\"icon plain email tooltip\" title=\"Send us an email\" aria-label=\"Send us an email\" rel=\"nofollow noopener\" ><i class=\"icon-envelop\" ><\/i><\/a><\/div>                <\/div>\n          <\/div>\n    <\/div>\n\n\t<div class=\"team-member-content pt-half text-center\">\n<\/div>\n    \n\t\t<\/div>\n\t\t\t\t\t<\/div>\n\n\t\n<\/div>\n\t\t<\/div>\n\t\t\t\t\t<\/div>\n\n\t\n\n\t<div id=\"col-1659845007\" class=\"col medium-5 small-12 large-5\"  >\n\t\t\t\t<div class=\"col-inner\"  >\n\t\t\t\n\t\t\t\n<h2><span style=\"font-size: 150%;\">Contact us through the form<\/span><\/h2>\n\n<div class=\"wpcf7 no-js\" id=\"wpcf7-f2350-o1\" lang=\"en-US\" dir=\"ltr\" data-wpcf7-id=\"2350\">\n<div class=\"screen-reader-response\"><p role=\"status\" aria-live=\"polite\" aria-atomic=\"true\"><\/p> <ul><\/ul><\/div>\n<form action=\"\/en\/wp-json\/wp\/v2\/pages\/2264#wpcf7-f2350-o1\" method=\"post\" class=\"wpcf7-form init\" aria-label=\"Contact form\" novalidate=\"novalidate\" data-status=\"init\">\n<fieldset class=\"hidden-fields-container\"><input type=\"hidden\" name=\"_wpcf7\" value=\"2350\" \/><input type=\"hidden\" name=\"_wpcf7_version\" value=\"6.1.4\" \/><input type=\"hidden\" name=\"_wpcf7_locale\" value=\"en_US\" \/><input type=\"hidden\" name=\"_wpcf7_unit_tag\" value=\"wpcf7-f2350-o1\" \/><input type=\"hidden\" name=\"_wpcf7_container_post\" value=\"0\" \/><input type=\"hidden\" name=\"_wpcf7_posted_data_hash\" value=\"\" \/>\n<\/fieldset>\n<div class=\"form-flat\">\n\t<p><span class=\"wpcf7-form-control-wrap\" data-name=\"your-nimia\"><input size=\"40\" maxlength=\"400\" class=\"wpcf7-form-control wpcf7-text wpcf7-validates-as-required\" aria-required=\"true\" aria-invalid=\"false\" placeholder=\"Name\" value=\"\" type=\"text\" name=\"your-nimia\" \/><\/span><br \/>\n<span class=\"wpcf7-form-control-wrap\" data-name=\"your-sahko\"><input size=\"40\" maxlength=\"400\" class=\"wpcf7-form-control wpcf7-email wpcf7-validates-as-required wpcf7-text wpcf7-validates-as-email\" aria-required=\"true\" aria-invalid=\"false\" placeholder=\"Email\" value=\"\" type=\"email\" name=\"your-sahko\" \/><\/span><br \/>\n<span class=\"wpcf7-form-control-wrap\" data-name=\"your-puhelin\"><input size=\"40\" maxlength=\"400\" class=\"wpcf7-form-control wpcf7-text wpcf7-validates-as-required\" aria-required=\"true\" aria-invalid=\"false\" placeholder=\"Phone number\" value=\"\" type=\"text\" name=\"your-puhelin\" \/><\/span><br \/>\n<span class=\"wpcf7-form-control-wrap\" data-name=\"textarea-458\"><textarea cols=\"40\" rows=\"10\" maxlength=\"2000\" class=\"wpcf7-form-control wpcf7-textarea wpcf7-validates-as-required\" aria-required=\"true\" aria-invalid=\"false\" placeholder=\"Please provide more information\" name=\"textarea-458\"><\/textarea><\/span><br \/>\n<input class=\"wpcf7-form-control wpcf7-submit has-spinner button\" type=\"submit\" value=\"Send message\" \/>\n\t<\/p>\n<\/div><p style=\"display: none !important;\" class=\"akismet-fields-container\" data-prefix=\"_wpcf7_ak_\"><label>&#916;<textarea name=\"_wpcf7_ak_hp_textarea\" cols=\"45\" rows=\"8\" maxlength=\"100\"><\/textarea><\/label><input type=\"hidden\" id=\"ak_js_1\" name=\"_wpcf7_ak_js\" value=\"190\"\/><script>document.getElementById( \"ak_js_1\" ).setAttribute( \"value\", ( new Date() ).getTime() );<\/script><\/p><div class=\"wpcf7-response-output\" aria-hidden=\"true\"><\/div>\n<\/form>\n<\/div>\n\n\t\t<\/div>\n\t\t\t\t\t<\/div>\n\n\t\n<\/div>\n\t\t<\/div>\n\n\t\t\n<style>\n#section_1284912407 {\n  padding-top: 30px;\n  padding-bottom: 30px;\n}\n<\/style>\n\t<\/section>\n\t\n","protected":false},"excerpt":{"rendered":"","protected":false},"author":4,"featured_media":0,"parent":0,"menu_order":6,"comment_status":"closed","ping_status":"closed","template":"page-blank.php","meta":{"footnotes":""},"class_list":["post-2264","page","type-page","status-publish","hentry"],"yoast_head":"<!-- This site is optimized with the Yoast SEO plugin v27.3 - https:\/\/yoast.com\/product\/yoast-seo-wordpress\/ -->\n<title>Contact us &#8212; Flovio<\/title>\n<meta name=\"description\" content=\"Get in touch with Flovio. Our world-class process experts are just a call, email or message away.\" \/>\n<meta name=\"robots\" content=\"index, follow, max-snippet:-1, max-image-preview:large, max-video-preview:-1\" \/>\n<link rel=\"canonical\" href=\"https:\/\/flovio.fi\/en\/contact-us\/\" \/>\n<meta property=\"og:locale\" content=\"en_US\" \/>\n<meta property=\"og:type\" content=\"article\" \/>\n<meta property=\"og:title\" content=\"Contact us &#8212; Flovio\" \/>\n<meta property=\"og:description\" content=\"Get in touch with Flovio. Our world-class process experts are just a call, email or message away.\" \/>\n<meta property=\"og:url\" content=\"https:\/\/flovio.fi\/en\/contact-us\/\" \/>\n<meta property=\"og:site_name\" content=\"Flovio\" \/>\n<meta property=\"article:modified_time\" content=\"2025-08-25T13:09:20+00:00\" \/>\n<script type=\"application\/ld+json\" class=\"yoast-schema-graph\">{\"@context\":\"https:\\\/\\\/schema.org\",\"@graph\":[{\"@type\":\"WebPage\",\"@id\":\"https:\\\/\\\/flovio.fi\\\/en\\\/contact-us\\\/\",\"url\":\"https:\\\/\\\/flovio.fi\\\/en\\\/contact-us\\\/\",\"name\":\"Contact us &#8212; Flovio\",\"isPartOf\":{\"@id\":\"https:\\\/\\\/flovio.fi\\\/en\\\/#website\"},\"datePublished\":\"2023-10-18T07:17:44+00:00\",\"dateModified\":\"2025-08-25T13:09:20+00:00\",\"description\":\"Get in touch with Flovio. Our world-class process experts are just a call, email or message away.\",\"breadcrumb\":{\"@id\":\"https:\\\/\\\/flovio.fi\\\/en\\\/contact-us\\\/#breadcrumb\"},\"inLanguage\":\"en-US\",\"potentialAction\":[{\"@type\":\"ReadAction\",\"target\":[\"https:\\\/\\\/flovio.fi\\\/en\\\/contact-us\\\/\"]}]},{\"@type\":\"BreadcrumbList\",\"@id\":\"https:\\\/\\\/flovio.fi\\\/en\\\/contact-us\\\/#breadcrumb\",\"itemListElement\":[{\"@type\":\"ListItem\",\"position\":1,\"name\":\"Etusivu\",\"item\":\"https:\\\/\\\/flovio.fi\\\/en\\\/\"},{\"@type\":\"ListItem\",\"position\":2,\"name\":\"Contact us\"}]},{\"@type\":\"WebSite\",\"@id\":\"https:\\\/\\\/flovio.fi\\\/en\\\/#website\",\"url\":\"https:\\\/\\\/flovio.fi\\\/en\\\/\",\"name\":\"Flovio\",\"description\":\"Toiminnan kehitt\u00e4mist\u00e4 prosessil\u00e4ht\u00f6isesti\",\"publisher\":{\"@id\":\"https:\\\/\\\/flovio.fi\\\/en\\\/#organization\"},\"potentialAction\":[{\"@type\":\"SearchAction\",\"target\":{\"@type\":\"EntryPoint\",\"urlTemplate\":\"https:\\\/\\\/flovio.fi\\\/en\\\/?s={search_term_string}\"},\"query-input\":{\"@type\":\"PropertyValueSpecification\",\"valueRequired\":true,\"valueName\":\"search_term_string\"}}],\"inLanguage\":\"en-US\"},{\"@type\":\"Organization\",\"@id\":\"https:\\\/\\\/flovio.fi\\\/en\\\/#organization\",\"name\":\"Flovio\",\"url\":\"https:\\\/\\\/flovio.fi\\\/en\\\/\",\"logo\":{\"@type\":\"ImageObject\",\"inLanguage\":\"en-US\",\"@id\":\"https:\\\/\\\/flovio.fi\\\/en\\\/#\\\/schema\\\/logo\\\/image\\\/\",\"url\":\"https:\\\/\\\/flovio.fi\\\/wp-content\\\/uploads\\\/2023\\\/10\\\/flovio_logo_black.png\",\"contentUrl\":\"https:\\\/\\\/flovio.fi\\\/wp-content\\\/uploads\\\/2023\\\/10\\\/flovio_logo_black.png\",\"width\":885,\"height\":244,\"caption\":\"Flovio\"},\"image\":{\"@id\":\"https:\\\/\\\/flovio.fi\\\/en\\\/#\\\/schema\\\/logo\\\/image\\\/\"},\"sameAs\":[\"https:\\\/\\\/www.linkedin.com\\\/company\\\/floviooy\"]}]}<\/script>\n<!-- \/ Yoast SEO plugin. -->","yoast_head_json":{"title":"Contact us &#8212; Flovio","description":"Get in touch with Flovio. Our world-class process experts are just a call, email or message away.","robots":{"index":"index","follow":"follow","max-snippet":"max-snippet:-1","max-image-preview":"max-image-preview:large","max-video-preview":"max-video-preview:-1"},"canonical":"https:\/\/flovio.fi\/en\/contact-us\/","og_locale":"en_US","og_type":"article","og_title":"Contact us &#8212; Flovio","og_description":"Get in touch with Flovio. Our world-class process experts are just a call, email or message away.","og_url":"https:\/\/flovio.fi\/en\/contact-us\/","og_site_name":"Flovio","article_modified_time":"2025-08-25T13:09:20+00:00","schema":{"@context":"https:\/\/schema.org","@graph":[{"@type":"WebPage","@id":"https:\/\/flovio.fi\/en\/contact-us\/","url":"https:\/\/flovio.fi\/en\/contact-us\/","name":"Contact us &#8212; Flovio","isPartOf":{"@id":"https:\/\/flovio.fi\/en\/#website"},"datePublished":"2023-10-18T07:17:44+00:00","dateModified":"2025-08-25T13:09:20+00:00","description":"Get in touch with Flovio. Our world-class process experts are just a call, email or message away.","breadcrumb":{"@id":"https:\/\/flovio.fi\/en\/contact-us\/#breadcrumb"},"inLanguage":"en-US","potentialAction":[{"@type":"ReadAction","target":["https:\/\/flovio.fi\/en\/contact-us\/"]}]},{"@type":"BreadcrumbList","@id":"https:\/\/flovio.fi\/en\/contact-us\/#breadcrumb","itemListElement":[{"@type":"ListItem","position":1,"name":"Etusivu","item":"https:\/\/flovio.fi\/en\/"},{"@type":"ListItem","position":2,"name":"Contact us"}]},{"@type":"WebSite","@id":"https:\/\/flovio.fi\/en\/#website","url":"https:\/\/flovio.fi\/en\/","name":"Flovio","description":"Toiminnan kehitt\u00e4mist\u00e4 prosessil\u00e4ht\u00f6isesti","publisher":{"@id":"https:\/\/flovio.fi\/en\/#organization"},"potentialAction":[{"@type":"SearchAction","target":{"@type":"EntryPoint","urlTemplate":"https:\/\/flovio.fi\/en\/?s={search_term_string}"},"query-input":{"@type":"PropertyValueSpecification","valueRequired":true,"valueName":"search_term_string"}}],"inLanguage":"en-US"},{"@type":"Organization","@id":"https:\/\/flovio.fi\/en\/#organization","name":"Flovio","url":"https:\/\/flovio.fi\/en\/","logo":{"@type":"ImageObject","inLanguage":"en-US","@id":"https:\/\/flovio.fi\/en\/#\/schema\/logo\/image\/","url":"https:\/\/flovio.fi\/wp-content\/uploads\/2023\/10\/flovio_logo_black.png","contentUrl":"https:\/\/flovio.fi\/wp-content\/uploads\/2023\/10\/flovio_logo_black.png","width":885,"height":244,"caption":"Flovio"},"image":{"@id":"https:\/\/flovio.fi\/en\/#\/schema\/logo\/image\/"},"sameAs":["https:\/\/www.linkedin.com\/company\/floviooy"]}]}},"jetpack_sharing_enabled":true,"_links":{"self":[{"href":"https:\/\/flovio.fi\/en\/wp-json\/wp\/v2\/pages\/2264","targetHints":{"allow":["GET"]}}],"collection":[{"href":"https:\/\/flovio.fi\/en\/wp-json\/wp\/v2\/pages"}],"about":[{"href":"https:\/\/flovio.fi\/en\/wp-json\/wp\/v2\/types\/page"}],"author":[{"embeddable":true,"href":"https:\/\/flovio.fi\/en\/wp-json\/wp\/v2\/users\/4"}],"replies":[{"embeddable":true,"href":"https:\/\/flovio.fi\/en\/wp-json\/wp\/v2\/comments?post=2264"}],"version-history":[{"count":9,"href":"https:\/\/flovio.fi\/en\/wp-json\/wp\/v2\/pages\/2264\/revisions"}],"predecessor-version":[{"id":2722,"href":"https:\/\/flovio.fi\/en\/wp-json\/wp\/v2\/pages\/2264\/revisions\/2722"}],"wp:attachment":[{"href":"https:\/\/flovio.fi\/en\/wp-json\/wp\/v2\/media?parent=2264"}],"curies":[{"name":"wp","href":"https:\/\/api.w.org\/{rel}","templated":true}]}}